{"id":1507,"date":"2024-11-20T10:38:16","date_gmt":"2024-11-20T10:38:16","guid":{"rendered":"https:\/\/drsolarcleaning.ch\/?page_id=1507"},"modified":"2025-03-11T10:23:33","modified_gmt":"2025-03-11T10:23:33","slug":"about","status":"publish","type":"page","link":"https:\/\/drsolarcleaning.ch\/de\/about\/","title":{"rendered":"About"},"content":{"rendered":"<div data-elementor-type=\"wp-page\" data-elementor-id=\"1507\" class=\"elementor elementor-1507\" data-elementor-post-type=\"page\">\n\t\t\t\t<div class=\"elementor-element elementor-element-0144ab9 e-flex e-con-boxed e-con e-parent\" data-id=\"0144ab9\" data-element_type=\"container\" data-e-type=\"container\" data-settings=\"{&quot;background_background&quot;:&quot;classic&quot;}\">\n\t\t\t\t\t<div class=\"e-con-inner\">\n\t\t\t\t<div class=\"elementor-element elementor-element-17a8db4 elementor-widget elementor-widget-heading\" data-id=\"17a8db4\" data-element_type=\"widget\" data-e-type=\"widget\" data-widget_type=\"heading.default\">\n\t\t\t\t<div class=\"elementor-widget-container\">\n\t\t\t\t\t<h2 class=\"elementor-heading-title elementor-size-default\">\u00dcber uns <\/h2>\t\t\t\t<\/div>\n\t\t\t\t<\/div>\n\t\t\t\t\t<\/div>\n\t\t\t\t<\/div>\n\t\t<div class=\"elementor-element elementor-element-04025a6 e-flex e-con-boxed e-con e-parent\" data-id=\"04025a6\" data-element_type=\"container\" data-e-type=\"container\" data-settings=\"{&quot;background_background&quot;:&quot;classic&quot;}\">\n\t\t\t\t\t<div class=\"e-con-inner\">\n\t\t<div class=\"elementor-element elementor-element-542450e e-con-full e-flex e-con e-child\" data-id=\"542450e\" data-element_type=\"container\" data-e-type=\"container\">\n\t\t\t\t<div class=\"elementor-element elementor-element-057db12 elementor-widget-mobile__width-initial elementor-invisible elementor-widget elementor-widget-image\" data-id=\"057db12\" data-element_type=\"widget\" data-e-type=\"widget\" data-settings=\"{&quot;_animation&quot;:&quot;fadeInLeft&quot;}\" data-widget_type=\"image.default\">\n\t\t\t\t<div class=\"elementor-widget-container\">\n\t\t\t\t\t\t\t\t\t\t\t\t\t\t\t<img fetchpriority=\"high\" decoding=\"async\" width=\"850\" height=\"567\" src=\"https:\/\/drsolarcleaning.ch\/wp-content\/uploads\/2024\/11\/IMG_7183_text.jpg\" class=\"attachment-2048x2048 size-2048x2048 wp-image-2062\" alt=\"\" srcset=\"https:\/\/drsolarcleaning.ch\/wp-content\/uploads\/2024\/11\/IMG_7183_text.jpg 850w, https:\/\/drsolarcleaning.ch\/wp-content\/uploads\/2024\/11\/IMG_7183_text-300x200.jpg 300w, https:\/\/drsolarcleaning.ch\/wp-content\/uploads\/2024\/11\/IMG_7183_text-768x512.jpg 768w, https:\/\/drsolarcleaning.ch\/wp-content\/uploads\/2024\/11\/IMG_7183_text-18x12.jpg 18w\" sizes=\"(max-width: 850px) 100vw, 850px\" \/>\t\t\t\t\t\t\t\t\t\t\t\t\t\t\t<\/div>\n\t\t\t\t<\/div>\n\t\t<div class=\"elementor-element elementor-element-c304ef2 e-con-full e-flex e-con e-child\" data-id=\"c304ef2\" data-element_type=\"container\" data-e-type=\"container\" data-settings=\"{&quot;position&quot;:&quot;absolute&quot;}\">\n\t\t\t\t<\/div>\n\t\t<div class=\"elementor-element elementor-element-1039124 e-con-full e-flex e-con e-child\" data-id=\"1039124\" data-element_type=\"container\" data-e-type=\"container\" data-settings=\"{&quot;position&quot;:&quot;absolute&quot;}\">\n\t\t\t\t<\/div>\n\t\t\t\t<\/div>\n\t\t<div class=\"elementor-element elementor-element-d90c8c3 e-con-full e-flex e-con e-child\" data-id=\"d90c8c3\" data-element_type=\"container\" data-e-type=\"container\">\n\t\t\t\t<div class=\"elementor-element elementor-element-206273f elementor-widget elementor-widget-icon-box\" data-id=\"206273f\" data-element_type=\"widget\" data-e-type=\"widget\" data-widget_type=\"icon-box.default\">\n\t\t\t\t<div class=\"elementor-widget-container\">\n\t\t\t\t\t\t\t<div class=\"elementor-icon-box-wrapper\">\n\n\t\t\t\n\t\t\t\t\t\t<div class=\"elementor-icon-box-content\">\n\n\t\t\t\t\t\t\t\t\t<h3 class=\"elementor-icon-box-title\">\n\t\t\t\t\t\t<span  >\n\t\t\t\t\t\t\t\u00dcber uns\t\t\t\t\t\t<\/span>\n\t\t\t\t\t<\/h3>\n\t\t\t\t\n\t\t\t\t\n\t\t\t<\/div>\n\t\t\t\n\t\t<\/div>\n\t\t\t\t\t\t<\/div>\n\t\t\t\t<\/div>\n\t\t\t\t<div class=\"elementor-element elementor-element-d042070 elementor-widget__width-initial elementor-widget elementor-widget-text-editor\" data-id=\"d042070\" data-element_type=\"widget\" data-e-type=\"widget\" data-widget_type=\"text-editor.default\">\n\t\t\t\t<div class=\"elementor-widget-container\">\n\t\t\t\t\t\t\t\t\t<p>Da ich im Bereich der Robotik aktiv bin und mir unsere Umwelt am Herzen liegt, habe ich all meine F\u00e4higkeiten eingesetzt, um den besten Roboter auf dem Markt auszuw\u00e4hlen, der die Solarproduktivit\u00e4t steigern kann. Als naturverbundener Mensch gehe ich gerne spazieren und bemerkte, dass die Solarpaneele, die die D\u00e4cher von Bauernh\u00f6fen bedecken, sehr schmutzig sind.  Als ich mich mit einem EPFL-Ingenieur auf diesem Gebiet unterhielt, best\u00e4tigte er mir, dass die Produktion um 10 bis 25 Prozent zur\u00fcckging. Aus diesem Grund lie\u00df ich mich auf dieses Abenteuer ein und begann damit, die D\u00e4cher von Bauernh\u00f6fen zu reinigen.\u00a0<\/p>\t\t\t\t\t\t\t\t<\/div>\n\t\t\t\t<\/div>\n\t\t\t\t<div class=\"elementor-element elementor-element-8f55799 elementor-widget-divider--view-line elementor-widget elementor-widget-divider\" data-id=\"8f55799\" data-element_type=\"widget\" data-e-type=\"widget\" data-widget_type=\"divider.default\">\n\t\t\t\t<div class=\"elementor-widget-container\">\n\t\t\t\t\t\t\t<div class=\"elementor-divider\">\n\t\t\t<span class=\"elementor-divider-separator\">\n\t\t\t\t\t\t<\/span>\n\t\t<\/div>\n\t\t\t\t\t\t<\/div>\n\t\t\t\t<\/div>\n\t\t<div class=\"elementor-element elementor-element-568d7c1 e-con-full e-flex e-con e-child\" data-id=\"568d7c1\" data-element_type=\"container\" data-e-type=\"container\">\n\t\t\t\t<div class=\"elementor-element elementor-element-e0f6b87 elementor-widget__width-initial elementor-widget elementor-widget-image\" data-id=\"e0f6b87\" data-element_type=\"widget\" data-e-type=\"widget\" data-widget_type=\"image.default\">\n\t\t\t\t<div class=\"elementor-widget-container\">\n\t\t\t\t\t\t\t\t\t\t\t\t\t\t\t<img decoding=\"async\" width=\"500\" height=\"506\" src=\"https:\/\/drsolarcleaning.ch\/wp-content\/uploads\/2024\/11\/David-e1726470428948-1-e1732209896436.jpg\" class=\"attachment-large size-large wp-image-1612\" alt=\"\" srcset=\"https:\/\/drsolarcleaning.ch\/wp-content\/uploads\/2024\/11\/David-e1726470428948-1-e1732209896436.jpg 500w, https:\/\/drsolarcleaning.ch\/wp-content\/uploads\/2024\/11\/David-e1726470428948-1-297x300.jpg 297w, https:\/\/drsolarcleaning.ch\/wp-content\/uploads\/2024\/11\/David-e1726470428948-1-768x777.jpg 768w, https:\/\/drsolarcleaning.ch\/wp-content\/uploads\/2024\/11\/David-e1726470428948-1-600x607.jpg 600w, https:\/\/drsolarcleaning.ch\/wp-content\/uploads\/2024\/11\/David-e1726470428948-1-100x100.jpg 100w\" sizes=\"(max-width: 500px) 100vw, 500px\" \/>\t\t\t\t\t\t\t\t\t\t\t\t\t\t\t<\/div>\n\t\t\t\t<\/div>\n\t\t\t\t<div class=\"elementor-element elementor-element-03626d6 elementor-widget__width-initial elementor-widget-mobile__width-initial elementor-vertical-align-top elementor-widget elementor-widget-image-box\" data-id=\"03626d6\" data-element_type=\"widget\" data-e-type=\"widget\" data-widget_type=\"image-box.default\">\n\t\t\t\t<div class=\"elementor-widget-container\">\n\t\t\t\t\t<div class=\"elementor-image-box-wrapper\"><div class=\"elementor-image-box-content\"><h3 class=\"elementor-image-box-title\">David Roux<\/h3><p class=\"elementor-image-box-description\">CEO<\/p><\/div><\/div>\t\t\t\t<\/div>\n\t\t\t\t<\/div>\n\t\t\t\t<\/div>\n\t\t\t\t<\/div>\n\t\t\t\t\t<\/div>\n\t\t\t\t<\/div>\n\t\t<div class=\"elementor-element elementor-element-cbef1fa e-flex e-con-boxed e-con e-parent\" data-id=\"cbef1fa\" data-element_type=\"container\" data-e-type=\"container\" data-settings=\"{&quot;background_background&quot;:&quot;classic&quot;}\">\n\t\t\t\t\t<div class=\"e-con-inner\">\n\t\t<div class=\"elementor-element elementor-element-65b73b7 e-flex e-con-boxed e-con e-child\" data-id=\"65b73b7\" data-element_type=\"container\" data-e-type=\"container\">\n\t\t\t\t\t<div class=\"e-con-inner\">\n\t\t\t\t<div class=\"elementor-element elementor-element-68ca3f7 elementor-widget-divider--separator-type-pattern elementor-widget-divider--view-line elementor-widget elementor-widget-divider\" data-id=\"68ca3f7\" data-element_type=\"widget\" data-e-type=\"widget\" data-widget_type=\"divider.default\">\n\t\t\t\t<div class=\"elementor-widget-container\">\n\t\t\t\t\t\t\t<div class=\"elementor-divider\" style=\"--divider-pattern-url: url(&quot;data:image\/svg+xml,%3Csvg xmlns=&#039;http:\/\/www.w3.org\/2000\/svg&#039; preserveAspectRatio=&#039;none&#039; overflow=&#039;visible&#039; height=&#039;100%&#039; viewBox=&#039;0 0 24 24&#039; fill=&#039;none&#039; stroke=&#039;black&#039; stroke-width=&#039;2&#039; stroke-linecap=&#039;square&#039; stroke-miterlimit=&#039;10&#039;%3E%3Cpath d=&#039;M0,6c6,0,0.9,11.1,6.9,11.1S18,6,24,6&#039;\/%3E%3C\/svg%3E&quot;);\">\n\t\t\t<span class=\"elementor-divider-separator\">\n\t\t\t\t\t\t<\/span>\n\t\t<\/div>\n\t\t\t\t\t\t<\/div>\n\t\t\t\t<\/div>\n\t\t\t\t<div class=\"elementor-element elementor-element-d28a4c3 elementor-widget__width-inherit elementor-widget elementor-widget-heading\" data-id=\"d28a4c3\" data-element_type=\"widget\" data-e-type=\"widget\" data-widget_type=\"heading.default\">\n\t\t\t\t<div class=\"elementor-widget-container\">\n\t\t\t\t\t<h2 class=\"elementor-heading-title elementor-size-default\">Unsere Spezialit\u00e4ten<\/h2>\t\t\t\t<\/div>\n\t\t\t\t<\/div>\n\t\t\t\t\t<\/div>\n\t\t\t\t<\/div>\n\t\t\t\t\t<\/div>\n\t\t\t\t<\/div>\n\t\t<div class=\"elementor-element elementor-element-3721a3d e-flex e-con-boxed e-con e-parent\" data-id=\"3721a3d\" data-element_type=\"container\" data-e-type=\"container\">\n\t\t\t\t\t<div class=\"e-con-inner\">\n\t\t<div class=\"elementor-element elementor-element-b1996f4 e-con-full e-flex e-con e-child\" data-id=\"b1996f4\" data-element_type=\"container\" data-e-type=\"container\">\n\t\t\t\t<div class=\"elementor-element elementor-element-73af70e elementor-widget elementor-widget-heading\" data-id=\"73af70e\" data-element_type=\"widget\" data-e-type=\"widget\" data-widget_type=\"heading.default\">\n\t\t\t\t<div class=\"elementor-widget-container\">\n\t\t\t\t\t<h2 class=\"elementor-heading-title elementor-size-default\">D\u00e4cher von Bauernh\u00f6fen<\/h2>\t\t\t\t<\/div>\n\t\t\t\t<\/div>\n\t\t\t\t<div class=\"elementor-element elementor-element-260ff6e elementor-widget__width-initial elementor-widget elementor-widget-text-editor\" data-id=\"260ff6e\" data-element_type=\"widget\" data-e-type=\"widget\" data-widget_type=\"text-editor.default\">\n\t\t\t\t<div class=\"elementor-widget-container\">\n\t\t\t\t\t\t\t\t\t<p>D\u00e4cher von Bauernh\u00f6fen, die mit Photovoltaikmodulen ausgestattet sind, m\u00fcssen regelm\u00e4\u00dfiger gepflegt werden als andere Fl\u00e4chen. Aufgrund der Landwirtschaft auf den umliegenden Feldern gibt es mehr Staub, der den Verschmutzungsgrad der Paneele erh\u00f6ht. Unsere Technologie ist daher f\u00fcr gro\u00dfe Fl\u00e4chen ausgelegt und erm\u00f6glicht somit eine Zeitersparnis und Leistungen zu wettbewerbsf\u00e4higen Preisen.<\/p>\t\t\t\t\t\t\t\t<\/div>\n\t\t\t\t<\/div>\n\t\t\t\t<\/div>\n\t\t<div class=\"elementor-element elementor-element-45fdb58 e-con-full e-flex e-con e-child\" data-id=\"45fdb58\" data-element_type=\"container\" data-e-type=\"container\">\n\t\t\t\t<div class=\"elementor-element elementor-element-d1f594e elementor-widget elementor-widget-heading\" data-id=\"d1f594e\" data-element_type=\"widget\" data-e-type=\"widget\" data-widget_type=\"heading.default\">\n\t\t\t\t<div class=\"elementor-widget-container\">\n\t\t\t\t\t<h2 class=\"elementor-heading-title elementor-size-default\">Gesch\u00e4ftsfl\u00e4chen<\/h2>\t\t\t\t<\/div>\n\t\t\t\t<\/div>\n\t\t\t\t<div class=\"elementor-element elementor-element-dce2b95 elementor-widget__width-initial elementor-widget elementor-widget-text-editor\" data-id=\"dce2b95\" data-element_type=\"widget\" data-e-type=\"widget\" data-widget_type=\"text-editor.default\">\n\t\t\t\t<div class=\"elementor-widget-container\">\n\t\t\t\t\t\t\t\t\t<p>Produktionsst\u00e4tten ben\u00f6tigen viel Energie und werden oft mit Strom aus Sonnenkollektoren versorgt.\nEs ist sogar noch g\u00fcnstiger, seine Solarpaneele zu reinigen, wenn sie uns den Verbrauch von Fremdstrom ersparen.Da die Fl\u00e4chen zudem gro\u00df sind, ist der Energiegewinn mit sauberen Panels hoch und gleicht die Reinigungskosten mehr als aus.&nbsp;<\/p>\t\t\t\t\t\t\t\t<\/div>\n\t\t\t\t<\/div>\n\t\t\t\t<\/div>\n\t\t\t\t\t<\/div>\n\t\t\t\t<\/div>\n\t\t\t\t<\/div>","protected":false},"excerpt":{"rendered":"<p>\u00c0 propos A propos Actif dans le domaine de la robotique et concern\u00e9 par notre environnement, j&rsquo;ai mis toutes mes comp\u00e9tences \u00e0 profit pour s\u00e9lectionner le meilleur robot du march\u00e9 pour augmenter la productivit\u00e9 solaire. Proche de la nature, j&rsquo;aime me promener et j&rsquo;ai remarqu\u00e9 que les panneaux solaires qui recouvrent les toits des fermes [&hellip;]<\/p>\n","protected":false},"author":1,"featured_media":0,"parent":0,"menu_order":0,"comment_status":"closed","ping_status":"closed","template":"","meta":{"_crdt_document":"","advanced_seo_description":"","jetpack_seo_html_title":"","jetpack_seo_noindex":false,"footnotes":""},"class_list":["post-1507","page","type-page","status-publish","hentry"],"jetpack_shortlink":"https:\/\/wp.me\/PeYIDv-oj","_links":{"self":[{"href":"https:\/\/drsolarcleaning.ch\/de\/wp-json\/wp\/v2\/pages\/1507","targetHints":{"allow":["GET"]}}],"collection":[{"href":"https:\/\/drsolarcleaning.ch\/de\/wp-json\/wp\/v2\/pages"}],"about":[{"href":"https:\/\/drsolarcleaning.ch\/de\/wp-json\/wp\/v2\/types\/page"}],"author":[{"embeddable":true,"href":"https:\/\/drsolarcleaning.ch\/de\/wp-json\/wp\/v2\/users\/1"}],"replies":[{"embeddable":true,"href":"https:\/\/drsolarcleaning.ch\/de\/wp-json\/wp\/v2\/comments?post=1507"}],"version-history":[{"count":100,"href":"https:\/\/drsolarcleaning.ch\/de\/wp-json\/wp\/v2\/pages\/1507\/revisions"}],"predecessor-version":[{"id":2268,"href":"https:\/\/drsolarcleaning.ch\/de\/wp-json\/wp\/v2\/pages\/1507\/revisions\/2268"}],"wp:attachment":[{"href":"https:\/\/drsolarcleaning.ch\/de\/wp-json\/wp\/v2\/media?parent=1507"}],"curies":[{"name":"wp","href":"https:\/\/api.w.org\/{rel}","templated":true}]}}